{"id":84,"date":"2023-10-03T13:17:48","date_gmt":"2023-10-03T13:17:48","guid":{"rendered":"https:\/\/www.stoppt-millionengrab-rathaus-bocholt.de\/?page_id=84"},"modified":"2023-12-25T13:55:46","modified_gmt":"2023-12-25T13:55:46","slug":"oeffentlichkeitsarbeit","status":"publish","type":"page","link":"https:\/\/www.stoppt-millionengrab-rathaus-bocholt.de\/?page_id=84","title":{"rendered":"\u00d6ffentlichkeitsarbeit"},"content":{"rendered":"\n<h2 class=\"wp-block-heading\">Pressemitteilung &#8211; 22. Dezember 2023<\/h2>\n\n\n\n<p><a href=\"https:\/\/www.stoppt-millionengrab-rathaus-bocholt.de\/?p=464\">Thema im Stadtrat: Gigaset-Geb\u00e4ude zum neuen Rathausstandort statt Millionengrab Rathaus<\/a><\/p>\n\n\n\n<h2 class=\"wp-block-heading\">Pressemitteilung &#8211; 12. Dezember 2023<\/h2>\n\n\n\n<p><a href=\"https:\/\/www.stoppt-millionengrab-rathaus-bocholt.de\/?p=456\">Merkw\u00fcrdige und nicht faktenbasierte Vorpr\u00fcfung<\/a><\/p>\n\n\n\n<h2 class=\"wp-block-heading\">Pressemitteilung &#8211; 28. Oktober 2023<\/h2>\n\n\n\n<p><a href=\"https:\/\/www.stoppt-millionengrab-rathaus-bocholt.de\/?p=437\">Neuer Anlauf f\u00fcr B\u00fcrgerbegehren zum Millionengrab Rathaus<\/a><\/p>\n\n\n\n<h2 class=\"wp-block-heading\">Pressemitteilung &#8211; 20. Oktober 2023<\/h2>\n\n\n\n<p><a href=\"https:\/\/www.stoppt-millionengrab-rathaus-bocholt.de\/?p=395&amp;amp=1\">Rathaus-B\u00fcrgerbegehren ist in Vorbereitung <\/a><\/p>\n\n\n\n<h2 class=\"wp-block-heading\">Beitrag in der WDR-Lokalzeit M\u00fcnsterland &#8211; 19. Oktober 2023<\/h2>\n\n\n\n<p><a href=\"https:\/\/www1.wdr.de\/lokalzeit\/fernsehen\/muensterland\/-bocholter-rathaus-verkorkste-sanierung-100.html\">\u201eVerkorkste Sanierung vom Bocholter Rathaus?\u201c &#8211;  einfach hier anklicken und ansehen! <\/a><\/p>\n\n\n\n<h2 class=\"wp-block-heading\">Infoveranstaltung <\/h2>\n\n\n\n<p>Der neue Termin wird noch bekanntgegeben.<\/p>\n\n\n\n<h2 class=\"wp-block-heading\">Pressemitteilung &#8211; 8. Oktober 2023<\/h2>\n\n\n\n<p><a href=\"https:\/\/www.stoppt-millionengrab-rathaus-bocholt.de\/?p=193\">B\u00fcrgerbegehren \u201eStoppt das Millionengrab Bocholter Rathaus\u201c: Initiatoren warten auf die Kostensch\u00e4tzung<\/a><\/p>\n\n\n\n<h2 class=\"wp-block-heading\">Pressemitteilung &#8211; 19. September 2023<\/h2>\n\n\n\n<p><a href=\"https:\/\/www.stoppt-millionengrab-rathaus-bocholt.de\/?p=29\">\u201eStoppt die Steuergeldverschwendung!\u201c: Initiatoren wollen B\u00fcrgerbegehren zur Bocholter Rathausproblematik durchf\u00fchren<\/a><\/p>\n\n\n\n<h2 class=\"wp-block-heading\"><\/h2>\n","protected":false},"excerpt":{"rendered":"<p>Pressemitteilung &#8211; 22. Dezember 2023 Thema im Stadtrat: Gigaset-Geb\u00e4ude zum neuen Rathausstandort statt Millionengrab Rathaus Pressemitteilung &#8211; 12. Dezember 2023 Merkw\u00fcrdige und nicht faktenbasierte Vorpr\u00fcfung Pressemitteilung &#8211; 28. Oktober 2023 Neuer Anlauf f\u00fcr B\u00fcrgerbegehren zum Millionengrab Rathaus Pressemitteilung &#8211; 20. &hellip; <a href=\"https:\/\/www.stoppt-millionengrab-rathaus-bocholt.de\/?page_id=84\">Weiterlesen <span class=\"meta-nav\">&rarr;<\/span><\/a><\/p>\n","protected":false},"author":2,"featured_media":0,"parent":0,"menu_order":0,"comment_status":"closed","ping_status":"closed","template":"","meta":{"footnotes":""},"class_list":["post-84","page","type-page","status-publish","hentry"],"_links":{"self":[{"href":"https:\/\/www.stoppt-millionengrab-rathaus-bocholt.de\/index.php?rest_route=\/wp\/v2\/pages\/84","targetHints":{"allow":["GET"]}}],"collection":[{"href":"https:\/\/www.stoppt-millionengrab-rathaus-bocholt.de\/index.php?rest_route=\/wp\/v2\/pages"}],"about":[{"href":"https:\/\/www.stoppt-millionengrab-rathaus-bocholt.de\/index.php?rest_route=\/wp\/v2\/types\/page"}],"author":[{"embeddable":true,"href":"https:\/\/www.stoppt-millionengrab-rathaus-bocholt.de\/index.php?rest_route=\/wp\/v2\/users\/2"}],"replies":[{"embeddable":true,"href":"https:\/\/www.stoppt-millionengrab-rathaus-bocholt.de\/index.php?rest_route=%2Fwp%2Fv2%2Fcomments&post=84"}],"version-history":[{"count":26,"href":"https:\/\/www.stoppt-millionengrab-rathaus-bocholt.de\/index.php?rest_route=\/wp\/v2\/pages\/84\/revisions"}],"predecessor-version":[{"id":478,"href":"https:\/\/www.stoppt-millionengrab-rathaus-bocholt.de\/index.php?rest_route=\/wp\/v2\/pages\/84\/revisions\/478"}],"wp:attachment":[{"href":"https:\/\/www.stoppt-millionengrab-rathaus-bocholt.de\/index.php?rest_route=%2Fwp%2Fv2%2Fmedia&parent=84"}],"curies":[{"name":"wp","href":"https:\/\/api.w.org\/{rel}","templated":true}]}}