{"id":80,"date":"2023-10-03T13:14:22","date_gmt":"2023-10-03T13:14:22","guid":{"rendered":"https:\/\/www.stoppt-millionengrab-rathaus-bocholt.de\/?page_id=80"},"modified":"2024-11-05T13:31:37","modified_gmt":"2024-11-05T13:31:37","slug":"kontakt","status":"publish","type":"page","link":"https:\/\/www.stoppt-millionengrab-rathaus-bocholt.de\/?page_id=80","title":{"rendered":"Kontakt"},"content":{"rendered":"\n<div class=\"wp-block-group is-vertical is-layout-flex wp-container-core-group-is-layout-8cf370e7 wp-block-group-is-layout-flex\">\n<p><strong>So kannst du uns erreichen<\/strong><\/p>\n\n\n\n<div class=\"wp-block-group is-vertical is-layout-flex wp-container-core-group-is-layout-76a81b31 wp-block-group-is-layout-flex\">\n<div class=\"wp-block-group is-vertical is-layout-flex wp-container-core-group-is-layout-8cf370e7 wp-block-group-is-layout-flex\">\n<div class=\"wp-block-group\"><div class=\"wp-block-group__inner-container is-layout-constrained wp-block-group-is-layout-constrained\">\n<p>B\u00fcrgerbegehren &#8222;Stoppt das Millionengrab Bocholter Rathaus!&#8220;<\/p>\n\n\n\n<div class=\"wp-block-group is-nowrap is-layout-flex wp-container-core-group-is-layout-ad2f72ca wp-block-group-is-layout-flex\">\n<div class=\"wp-block-group is-vertical is-layout-flex wp-container-core-group-is-layout-8cf370e7 wp-block-group-is-layout-flex\">\n<p>46397 Bocholt, Wesemannstra\u00dfe  21<\/p>\n<\/div>\n<\/div>\n\n\n\n<p>E-Mail: buergerbegehren-bocholt(@)t-online.de<\/p>\n<\/div><\/div>\n<\/div>\n\n\n\n<p>Initiatoren des B\u00fcrgerbegehrens \u201eStoppt das Millionengrab Bocholter Rathaus\u201c                    <\/p>\n\n\n\n<p>Rainer Sauer, Birgit Schmitz, Georg Bu\u00df<br><\/p>\n<\/div>\n<\/div>\n","protected":false},"excerpt":{"rendered":"<p>So kannst du uns erreichen B\u00fcrgerbegehren &#8222;Stoppt das Millionengrab Bocholter Rathaus!&#8220; 46397 Bocholt, Wesemannstra\u00dfe 21 E-Mail: buergerbegehren-bocholt(@)t-online.de Initiatoren des B\u00fcrgerbegehrens \u201eStoppt das Millionengrab Bocholter Rathaus\u201c Rainer Sauer, Birgit Schmitz, Georg Bu\u00df<\/p>\n","protected":false},"author":2,"featured_media":0,"parent":0,"menu_order":0,"comment_status":"closed","ping_status":"closed","template":"","meta":{"footnotes":""},"class_list":["post-80","page","type-page","status-publish","hentry"],"_links":{"self":[{"href":"https:\/\/www.stoppt-millionengrab-rathaus-bocholt.de\/index.php?rest_route=\/wp\/v2\/pages\/80","targetHints":{"allow":["GET"]}}],"collection":[{"href":"https:\/\/www.stoppt-millionengrab-rathaus-bocholt.de\/index.php?rest_route=\/wp\/v2\/pages"}],"about":[{"href":"https:\/\/www.stoppt-millionengrab-rathaus-bocholt.de\/index.php?rest_route=\/wp\/v2\/types\/page"}],"author":[{"embeddable":true,"href":"https:\/\/www.stoppt-millionengrab-rathaus-bocholt.de\/index.php?rest_route=\/wp\/v2\/users\/2"}],"replies":[{"embeddable":true,"href":"https:\/\/www.stoppt-millionengrab-rathaus-bocholt.de\/index.php?rest_route=%2Fwp%2Fv2%2Fcomments&post=80"}],"version-history":[{"count":17,"href":"https:\/\/www.stoppt-millionengrab-rathaus-bocholt.de\/index.php?rest_route=\/wp\/v2\/pages\/80\/revisions"}],"predecessor-version":[{"id":532,"href":"https:\/\/www.stoppt-millionengrab-rathaus-bocholt.de\/index.php?rest_route=\/wp\/v2\/pages\/80\/revisions\/532"}],"wp:attachment":[{"href":"https:\/\/www.stoppt-millionengrab-rathaus-bocholt.de\/index.php?rest_route=%2Fwp%2Fv2%2Fmedia&parent=80"}],"curies":[{"name":"wp","href":"https:\/\/api.w.org\/{rel}","templated":true}]}}