{"id":74,"date":"2023-10-03T13:10:54","date_gmt":"2023-10-03T13:10:54","guid":{"rendered":"https:\/\/www.stoppt-millionengrab-rathaus-bocholt.de\/?page_id=74"},"modified":"2023-10-03T18:05:52","modified_gmt":"2023-10-03T18:05:52","slug":"aktuelles","status":"publish","type":"page","link":"https:\/\/www.stoppt-millionengrab-rathaus-bocholt.de\/?page_id=74","title":{"rendered":"Aktuelles"},"content":{"rendered":"\n<p>Wir haben am 19. September 2023 beim B\u00fcrgermeisterb\u00fcro ein <a href=\"https:\/\/www.stoppt-millionengrab-rathaus-bocholt.de\/?page_id=76\">B\u00fcrgerbegehren<\/a> zur Rathausproblematik angemeldet. Ein Schreiben dazu mit <a href=\"https:\/\/www.stoppt-millionengrab-rathaus-bocholt.de\/?page_id=76\">Text und Begr\u00fcndung<\/a> liegt der Stadt Bocholt somit vor. <\/p>\n\n\n\n<p>Nun warten wir auf die Kostensch\u00e4tzung, die uns die Stadt Bocholt f\u00fcr das B\u00fcrgerbegehren \u00fcbermitteln muss. Erst dann  k\u00f6nnen wir loslegen. <\/p>\n\n\n\n<p>Wir haben auch noch die Option, dieses B\u00fcrgerbegehren durch den Rat entscheiden zu lassen, ob es nach der Gemeindeordnung NRW rechtlich zul\u00e4ssig ist. Eine solche Vorpr\u00fcfung kann  erst beantragt werden, wenn uns die Kostensch\u00e4tzung vorliegt. <\/p>\n","protected":false},"excerpt":{"rendered":"<p>Wir haben am 19. September 2023 beim B\u00fcrgermeisterb\u00fcro ein B\u00fcrgerbegehren zur Rathausproblematik angemeldet. Ein Schreiben dazu mit Text und Begr\u00fcndung liegt der Stadt Bocholt somit vor. Nun warten wir auf die Kostensch\u00e4tzung, die uns die Stadt Bocholt f\u00fcr das B\u00fcrgerbegehren &hellip; <a href=\"https:\/\/www.stoppt-millionengrab-rathaus-bocholt.de\/?page_id=74\">Weiterlesen <span class=\"meta-nav\">&rarr;<\/span><\/a><\/p>\n","protected":false},"author":2,"featured_media":0,"parent":0,"menu_order":0,"comment_status":"closed","ping_status":"closed","template":"","meta":{"footnotes":""},"class_list":["post-74","page","type-page","status-publish","hentry"],"_links":{"self":[{"href":"https:\/\/www.stoppt-millionengrab-rathaus-bocholt.de\/index.php?rest_route=\/wp\/v2\/pages\/74","targetHints":{"allow":["GET"]}}],"collection":[{"href":"https:\/\/www.stoppt-millionengrab-rathaus-bocholt.de\/index.php?rest_route=\/wp\/v2\/pages"}],"about":[{"href":"https:\/\/www.stoppt-millionengrab-rathaus-bocholt.de\/index.php?rest_route=\/wp\/v2\/types\/page"}],"author":[{"embeddable":true,"href":"https:\/\/www.stoppt-millionengrab-rathaus-bocholt.de\/index.php?rest_route=\/wp\/v2\/users\/2"}],"replies":[{"embeddable":true,"href":"https:\/\/www.stoppt-millionengrab-rathaus-bocholt.de\/index.php?rest_route=%2Fwp%2Fv2%2Fcomments&post=74"}],"version-history":[{"count":6,"href":"https:\/\/www.stoppt-millionengrab-rathaus-bocholt.de\/index.php?rest_route=\/wp\/v2\/pages\/74\/revisions"}],"predecessor-version":[{"id":137,"href":"https:\/\/www.stoppt-millionengrab-rathaus-bocholt.de\/index.php?rest_route=\/wp\/v2\/pages\/74\/revisions\/137"}],"wp:attachment":[{"href":"https:\/\/www.stoppt-millionengrab-rathaus-bocholt.de\/index.php?rest_route=%2Fwp%2Fv2%2Fmedia&parent=74"}],"curies":[{"name":"wp","href":"https:\/\/api.w.org\/{rel}","templated":true}]}}